{"id":233,"date":"2020-03-02T16:51:44","date_gmt":"2020-03-02T15:51:44","guid":{"rendered":"https:\/\/museimtest.p1.zrh01.swissbix.com\/?page_id=233"},"modified":"2025-08-16T18:46:02","modified_gmt":"2025-08-16T16:46:02","slug":"rete","status":"publish","type":"page","link":"https:\/\/museimtest.p1.zrh01.swissbix.com\/?page_id=233","title":{"rendered":"Rete"},"content":{"rendered":"<p><iframe src=\"https:\/\/www.google.com\/maps\/d\/embed?mid=14MHYnclpfDR31Oz_k2a6Z-mHmS1ZBC1b\" width=\"100%\" height=\"480\"><\/iframe><\/p>\n<h1>Musei d\u2019Arte del Mendrisiotto (MAM)<\/h1>\n<p>Il Mendrisiotto, il territorio pi\u00f9 a meridione della Svizzera, al confine con la Lombardia, presenta una grande variet\u00e0 di opere architettoniche e artistiche di pregio, dal Medioevo ai giorni nostri. Qui sono nati, fra gli altri, artisti quali Pier Francesco Mola, Vincenzo Vela e gli architetti Carlo Fontana e Mario Botta. Questa ricchezza artistica e culturale si rispecchia in quella dei musei d\u2019arte presenti nel distretto di Mendrisio \u2013 uno federale (<strong>Museo Vincenzo Vela a Ligornetto<\/strong>), uno cantonale (<strong>Pinacoteca cantonale Giovanni Z\u00fcst a Rancate<\/strong>), due cittadini (<strong>m.a.x. museo a Chiasso<\/strong> e <strong>Museo d\u2019arte Mendrisio<\/strong>) e uno universitario (<strong>Teatro dell\u2019architettura Mendrisio<\/strong>) \u2013 ognuno dei quali \u00e8 situato in un edificio di particolare interesse. Una cos\u00ec alta densit\u00e0 di musei d\u2019arte con offerte culturali di spessore in una regione geograficamente contenuta costituisce un caso unico non solo in Ticino ma anche oltre frontiera.<\/p>\n<p>Queste cinque istituzioni hanno deciso di unirsi in una rete, al fine di promuovere le collaborazioni e le sinergie tra di loro con azioni coordinate e valorizzare la loro complementariet\u00e0 e la loro comune appartenenza geografica.<\/p>\n<p><strong>La rete dei Musei d\u2019Arte del Mendrisiotto<\/strong> (MAM) si propone di rafforzare la visibilit\u00e0, promuovere la conoscenza e valorizzare la presenza di queste istituzioni, sottolineando la diversit\u00e0, la ricchezza e la complementariet\u00e0 delle loro collezioni (che contemplano pittura, fotografia, scultura, grafica, architettura) e delle loro mostre temporanee, sia a livello regionale e nazionale sia sul piano internazionale. L\u2019organizzazione di eventi e di attivit\u00e0 congiunte (Giornata internazionale dei musei, attivit\u00e0 didattiche e culturali, mostre, incontri e convegni) figura tra le principali missioni della rete, impegnata anche nell\u2019agevolare l\u2019accesso ai musei, incoraggiando il pubblico a muoversi in tutto il territorio.<\/p>\n<h4><strong>Contatto<\/strong><br \/>\nMAM &#8211; Musei d&#8217;arte del Mendrisiotto<br \/>\n<a href=\"mailto:info@museimtest.p1.zrh01.swissbix.com\">info@museimtest.p1.zrh01.swissbix.com<\/a><\/h4>\n<h4><strong>Newsletter<br \/>\n<\/strong>Iscriviti alla nostra <a href=\"http:\/\/eepurl.com\/h8Z4Hv\" target=\"_blank\" rel=\"noopener\">Newsletter<\/a>!<\/h4>\n","protected":false},"excerpt":{"rendered":"<p>Musei d\u2019Arte del Mendrisiotto (MAM) Il Mendrisiotto, il territorio pi\u00f9 a meridione della Svizzera, al confine con la Lombardia, presenta una grande variet\u00e0 di opere architettoniche e artistiche di pregio, dal Medioevo ai giorni nostri. Qui sono nati, fra gli altri, artisti quali Pier Francesco Mola, Vincenzo Vela e gli architetti Carlo Fontana e Mario &#8230; <a title=\"Rete\" class=\"read-more\" href=\"https:\/\/museimtest.p1.zrh01.swissbix.com\/?page_id=233\">Leggi tutto <span class=\"screen-reader-text\">Rete<\/span><\/a><\/p>\n","protected":false},"author":1,"featured_media":0,"parent":0,"menu_order":0,"comment_status":"closed","ping_status":"closed","template":"","meta":{"_monsterinsights_skip_tracking":false,"_monsterinsights_sitenote_active":false,"_monsterinsights_sitenote_note":"","_monsterinsights_sitenote_category":0,"footnotes":"","_links_to":"","_links_to_target":""},"class_list":["post-233","page","type-page","status-publish"],"yoast_head":"<!-- This site is optimized with the Yoast SEO plugin v27.4 - https:\/\/yoast.com\/product\/yoast-seo-wordpress\/ -->\n<title>Rete - Musei d\u2019Arte del Mendrisiotto<\/title>\n<meta name=\"robots\" content=\"index, follow, max-snippet:-1, max-image-preview:large, max-video-preview:-1\" \/>\n<link rel=\"canonical\" href=\"https:\/\/museimtest.p1.zrh01.swissbix.com\/rete\/\" \/>\n<meta property=\"og:locale\" content=\"it_IT\" \/>\n<meta property=\"og:type\" content=\"article\" \/>\n<meta property=\"og:title\" content=\"Rete - Musei d\u2019Arte del Mendrisiotto\" \/>\n<meta property=\"og:description\" content=\"Musei d\u2019Arte del Mendrisiotto (MAM) Il Mendrisiotto, il territorio pi\u00f9 a meridione della Svizzera, al confine con la Lombardia, presenta una grande variet\u00e0 di opere architettoniche e artistiche di pregio, dal Medioevo ai giorni nostri. Qui sono nati, fra gli altri, artisti quali Pier Francesco Mola, Vincenzo Vela e gli architetti Carlo Fontana e Mario ... Leggi tutto Rete\" \/>\n<meta property=\"og:url\" content=\"https:\/\/museimtest.p1.zrh01.swissbix.com\/rete\/\" \/>\n<meta property=\"og:site_name\" content=\"Musei d\u2019Arte del Mendrisiotto\" \/>\n<meta property=\"article:modified_time\" content=\"2025-08-16T16:46:02+00:00\" \/>\n<meta name=\"twitter:card\" content=\"summary_large_image\" \/>\n<meta name=\"twitter:label1\" content=\"Tempo di lettura stimato\" \/>\n\t<meta name=\"twitter:data1\" content=\"2 minuti\" \/>\n<script type=\"application\/ld+json\" class=\"yoast-schema-graph\">{\"@context\":\"https:\\\/\\\/schema.org\",\"@graph\":[{\"@type\":\"WebPage\",\"@id\":\"https:\\\/\\\/museimtest.p1.zrh01.swissbix.com\\\/rete\\\/\",\"url\":\"https:\\\/\\\/museimtest.p1.zrh01.swissbix.com\\\/rete\\\/\",\"name\":\"Rete - Musei d\u2019Arte del Mendrisiotto\",\"isPartOf\":{\"@id\":\"https:\\\/\\\/museimtest.p1.zrh01.swissbix.com\\\/#website\"},\"datePublished\":\"2020-03-02T15:51:44+00:00\",\"dateModified\":\"2025-08-16T16:46:02+00:00\",\"breadcrumb\":{\"@id\":\"https:\\\/\\\/museimtest.p1.zrh01.swissbix.com\\\/rete\\\/#breadcrumb\"},\"inLanguage\":\"it-IT\",\"potentialAction\":[{\"@type\":\"ReadAction\",\"target\":[\"https:\\\/\\\/museimtest.p1.zrh01.swissbix.com\\\/rete\\\/\"]}]},{\"@type\":\"BreadcrumbList\",\"@id\":\"https:\\\/\\\/museimtest.p1.zrh01.swissbix.com\\\/rete\\\/#breadcrumb\",\"itemListElement\":[{\"@type\":\"ListItem\",\"position\":1,\"name\":\"Home\",\"item\":\"https:\\\/\\\/museimtest.p1.zrh01.swissbix.com\\\/\"},{\"@type\":\"ListItem\",\"position\":2,\"name\":\"Rete\"}]},{\"@type\":\"WebSite\",\"@id\":\"https:\\\/\\\/museimtest.p1.zrh01.swissbix.com\\\/#website\",\"url\":\"https:\\\/\\\/museimtest.p1.zrh01.swissbix.com\\\/\",\"name\":\"Musei d\u2019Arte del Mendrisiotto\",\"description\":\"La rete dei Musei d\u2019Arte del Mendrisiotto (MAM) si propone di rafforzare la visibilit\u00e0, promuovere la conoscenza dei musei del Mendrisiotto\",\"publisher\":{\"@id\":\"https:\\\/\\\/museimtest.p1.zrh01.swissbix.com\\\/#organization\"},\"potentialAction\":[{\"@type\":\"SearchAction\",\"target\":{\"@type\":\"EntryPoint\",\"urlTemplate\":\"https:\\\/\\\/museimtest.p1.zrh01.swissbix.com\\\/?s={search_term_string}\"},\"query-input\":{\"@type\":\"PropertyValueSpecification\",\"valueRequired\":true,\"valueName\":\"search_term_string\"}}],\"inLanguage\":\"it-IT\"},{\"@type\":\"Organization\",\"@id\":\"https:\\\/\\\/museimtest.p1.zrh01.swissbix.com\\\/#organization\",\"name\":\"Musei d\u2019Arte del Mendrisiotto\",\"url\":\"https:\\\/\\\/museimtest.p1.zrh01.swissbix.com\\\/\",\"logo\":{\"@type\":\"ImageObject\",\"inLanguage\":\"it-IT\",\"@id\":\"https:\\\/\\\/museimtest.p1.zrh01.swissbix.com\\\/#\\\/schema\\\/logo\\\/image\\\/\",\"url\":\"https:\\\/\\\/museimtest.p1.zrh01.swissbix.com\\\/wp-content\\\/uploads\\\/2020\\\/06\\\/logo_mam.png\",\"contentUrl\":\"https:\\\/\\\/museimtest.p1.zrh01.swissbix.com\\\/wp-content\\\/uploads\\\/2020\\\/06\\\/logo_mam.png\",\"width\":350,\"height\":250,\"caption\":\"Musei d\u2019Arte del Mendrisiotto\"},\"image\":{\"@id\":\"https:\\\/\\\/museimtest.p1.zrh01.swissbix.com\\\/#\\\/schema\\\/logo\\\/image\\\/\"}}]}<\/script>\n<!-- \/ Yoast SEO plugin. -->","yoast_head_json":{"title":"Rete - Musei d\u2019Arte del Mendrisiotto","robots":{"index":"index","follow":"follow","max-snippet":"max-snippet:-1","max-image-preview":"max-image-preview:large","max-video-preview":"max-video-preview:-1"},"canonical":"https:\/\/museimtest.p1.zrh01.swissbix.com\/rete\/","og_locale":"it_IT","og_type":"article","og_title":"Rete - Musei d\u2019Arte del Mendrisiotto","og_description":"Musei d\u2019Arte del Mendrisiotto (MAM) Il Mendrisiotto, il territorio pi\u00f9 a meridione della Svizzera, al confine con la Lombardia, presenta una grande variet\u00e0 di opere architettoniche e artistiche di pregio, dal Medioevo ai giorni nostri. Qui sono nati, fra gli altri, artisti quali Pier Francesco Mola, Vincenzo Vela e gli architetti Carlo Fontana e Mario ... Leggi tutto Rete","og_url":"https:\/\/museimtest.p1.zrh01.swissbix.com\/rete\/","og_site_name":"Musei d\u2019Arte del Mendrisiotto","article_modified_time":"2025-08-16T16:46:02+00:00","twitter_card":"summary_large_image","twitter_misc":{"Tempo di lettura stimato":"2 minuti"},"schema":{"@context":"https:\/\/schema.org","@graph":[{"@type":"WebPage","@id":"https:\/\/museimtest.p1.zrh01.swissbix.com\/rete\/","url":"https:\/\/museimtest.p1.zrh01.swissbix.com\/rete\/","name":"Rete - Musei d\u2019Arte del Mendrisiotto","isPartOf":{"@id":"https:\/\/museimtest.p1.zrh01.swissbix.com\/#website"},"datePublished":"2020-03-02T15:51:44+00:00","dateModified":"2025-08-16T16:46:02+00:00","breadcrumb":{"@id":"https:\/\/museimtest.p1.zrh01.swissbix.com\/rete\/#breadcrumb"},"inLanguage":"it-IT","potentialAction":[{"@type":"ReadAction","target":["https:\/\/museimtest.p1.zrh01.swissbix.com\/rete\/"]}]},{"@type":"BreadcrumbList","@id":"https:\/\/museimtest.p1.zrh01.swissbix.com\/rete\/#breadcrumb","itemListElement":[{"@type":"ListItem","position":1,"name":"Home","item":"https:\/\/museimtest.p1.zrh01.swissbix.com\/"},{"@type":"ListItem","position":2,"name":"Rete"}]},{"@type":"WebSite","@id":"https:\/\/museimtest.p1.zrh01.swissbix.com\/#website","url":"https:\/\/museimtest.p1.zrh01.swissbix.com\/","name":"Musei d\u2019Arte del Mendrisiotto","description":"La rete dei Musei d\u2019Arte del Mendrisiotto (MAM) si propone di rafforzare la visibilit\u00e0, promuovere la conoscenza dei musei del Mendrisiotto","publisher":{"@id":"https:\/\/museimtest.p1.zrh01.swissbix.com\/#organization"},"potentialAction":[{"@type":"SearchAction","target":{"@type":"EntryPoint","urlTemplate":"https:\/\/museimtest.p1.zrh01.swissbix.com\/?s={search_term_string}"},"query-input":{"@type":"PropertyValueSpecification","valueRequired":true,"valueName":"search_term_string"}}],"inLanguage":"it-IT"},{"@type":"Organization","@id":"https:\/\/museimtest.p1.zrh01.swissbix.com\/#organization","name":"Musei d\u2019Arte del Mendrisiotto","url":"https:\/\/museimtest.p1.zrh01.swissbix.com\/","logo":{"@type":"ImageObject","inLanguage":"it-IT","@id":"https:\/\/museimtest.p1.zrh01.swissbix.com\/#\/schema\/logo\/image\/","url":"https:\/\/museimtest.p1.zrh01.swissbix.com\/wp-content\/uploads\/2020\/06\/logo_mam.png","contentUrl":"https:\/\/museimtest.p1.zrh01.swissbix.com\/wp-content\/uploads\/2020\/06\/logo_mam.png","width":350,"height":250,"caption":"Musei d\u2019Arte del Mendrisiotto"},"image":{"@id":"https:\/\/museimtest.p1.zrh01.swissbix.com\/#\/schema\/logo\/image\/"}}]}},"_links":{"self":[{"href":"https:\/\/museimtest.p1.zrh01.swissbix.com\/index.php?rest_route=\/wp\/v2\/pages\/233","targetHints":{"allow":["GET"]}}],"collection":[{"href":"https:\/\/museimtest.p1.zrh01.swissbix.com\/index.php?rest_route=\/wp\/v2\/pages"}],"about":[{"href":"https:\/\/museimtest.p1.zrh01.swissbix.com\/index.php?rest_route=\/wp\/v2\/types\/page"}],"author":[{"embeddable":true,"href":"https:\/\/museimtest.p1.zrh01.swissbix.com\/index.php?rest_route=\/wp\/v2\/users\/1"}],"replies":[{"embeddable":true,"href":"https:\/\/museimtest.p1.zrh01.swissbix.com\/index.php?rest_route=%2Fwp%2Fv2%2Fcomments&post=233"}],"version-history":[{"count":46,"href":"https:\/\/museimtest.p1.zrh01.swissbix.com\/index.php?rest_route=\/wp\/v2\/pages\/233\/revisions"}],"predecessor-version":[{"id":8805,"href":"https:\/\/museimtest.p1.zrh01.swissbix.com\/index.php?rest_route=\/wp\/v2\/pages\/233\/revisions\/8805"}],"wp:attachment":[{"href":"https:\/\/museimtest.p1.zrh01.swissbix.com\/index.php?rest_route=%2Fwp%2Fv2%2Fmedia&parent=233"}],"curies":[{"name":"wp","href":"https:\/\/api.w.org\/{rel}","templated":true}]}}