{"id":208,"date":"2020-02-28T10:03:46","date_gmt":"2020-02-28T09:03:46","guid":{"rendered":"https:\/\/museimtest.p1.zrh01.swissbix.com\/?page_id=208"},"modified":"2025-12-29T15:33:48","modified_gmt":"2025-12-29T14:33:48","slug":"teatro-dellarchitettura","status":"publish","type":"page","link":"https:\/\/museimtest.p1.zrh01.swissbix.com\/?page_id=208","title":{"rendered":"Teatro dell&#8217;architettura"},"content":{"rendered":"\t\t<div data-elementor-type=\"wp-page\" data-elementor-id=\"208\" class=\"elementor elementor-208\">\n\t\t\t\t\t\t<section class=\"elementor-section elementor-top-section elementor-element elementor-element-7e250754 elementor-section-full_width elementor-section-height-default elementor-section-height-default\" data-id=\"7e250754\" data-element_type=\"section\" data-e-type=\"section\">\n\t\t\t\t\t\t<div class=\"elementor-container elementor-column-gap-default\">\n\t\t\t\t\t<div class=\"elementor-column elementor-col-100 elementor-top-column elementor-element elementor-element-293f0e49\" data-id=\"293f0e49\" data-element_type=\"column\" data-e-type=\"column\">\n\t\t\t<div class=\"elementor-widget-wrap elementor-element-populated\">\n\t\t\t\t\t\t<div class=\"elementor-element elementor-element-d19df35 elementor-widget elementor-widget-image\" data-id=\"d19df35\" data-element_type=\"widget\" data-e-type=\"widget\" data-widget_type=\"image.default\">\n\t\t\t\t<div class=\"elementor-widget-container\">\n\t\t\t\t\t\t\t\t\t\t\t\t\t\t\t<img fetchpriority=\"high\" decoding=\"async\" width=\"1024\" height=\"549\" src=\"https:\/\/museimtest.p1.zrh01.swissbix.com\/wp-content\/uploads\/2020\/06\/Teatro-Architettura-Mendrisio-E-Cano-1024x549.jpg\" class=\"attachment-large size-large wp-image-972\" alt=\"\" srcset=\"https:\/\/museimtest.p1.zrh01.swissbix.com\/wp-content\/uploads\/2020\/06\/Teatro-Architettura-Mendrisio-E-Cano-1024x549.jpg 1024w, https:\/\/museimtest.p1.zrh01.swissbix.com\/wp-content\/uploads\/2020\/06\/Teatro-Architettura-Mendrisio-E-Cano-300x161.jpg 300w, https:\/\/museimtest.p1.zrh01.swissbix.com\/wp-content\/uploads\/2020\/06\/Teatro-Architettura-Mendrisio-E-Cano-768x412.jpg 768w, https:\/\/museimtest.p1.zrh01.swissbix.com\/wp-content\/uploads\/2020\/06\/Teatro-Architettura-Mendrisio-E-Cano-350x188.jpg 350w, https:\/\/museimtest.p1.zrh01.swissbix.com\/wp-content\/uploads\/2020\/06\/Teatro-Architettura-Mendrisio-E-Cano.jpg 1200w\" sizes=\"(max-width: 1024px) 100vw, 1024px\" \/>\t\t\t\t\t\t\t\t\t\t\t\t\t\t\t<\/div>\n\t\t\t\t<\/div>\n\t\t\t\t<div class=\"elementor-element elementor-element-c7f3c16 elementor-widget elementor-widget-heading\" data-id=\"c7f3c16\" data-element_type=\"widget\" data-e-type=\"widget\" data-widget_type=\"heading.default\">\n\t\t\t\t<div class=\"elementor-widget-container\">\n\t\t\t\t\t<h1 class=\"elementor-heading-title elementor-size-default\">Teatro dell'architettura Mendrisio - USI<\/h1>\t\t\t\t<\/div>\n\t\t\t\t<\/div>\n\t\t\t\t<div class=\"elementor-element elementor-element-fd92e31 elementor-widget elementor-widget-text-editor\" data-id=\"fd92e31\" data-element_type=\"widget\" data-e-type=\"widget\" data-widget_type=\"text-editor.default\">\n\t\t\t\t<div class=\"elementor-widget-container\">\n\t\t\t\t\t\t\t\t\t<p>Il Teatro dell\u2019architettura Mendrisio, sorto all\u2019interno del Campus di Mendrisio dell\u2019Universit\u00e0 della Svizzera italiana, \u00e8 stato progettato dall\u2019arch. Mario Botta, promosso e realizzato grazie al lavoro congiunto dell\u2019Universit\u00e0 e della Fondazione Teatro dell\u2019architettura, al fine di offrire uno spazio di dialogo privilegiato per il dibattito culturale sull\u2019architettura, la citt\u00e0, il paesaggio.<\/p><p>Accanto all\u2019attivit\u00e0 didattica e di ricerca svolte all\u2019interno dell\u2019ateneo, questa iniziativa intende rafforzare l\u2019offerta formativa con mostre, seminari e attivit\u00e0, per dare visibilit\u00e0 ai nuovi interessi transdisciplinari che sempre pi\u00f9 intervengono nel processo progettuale e che ridefiniscono il ruolo sociale dell\u2019architettura.<\/p><p>Il Teatro dell\u2019architettura agisce anche come piattaforma di interscambio con altre istituzioni che hanno fatto delle istanze della cultura contemporanea il proprio campo di interesse.<\/p>\t\t\t\t\t\t\t\t<\/div>\n\t\t\t\t<\/div>\n\t\t\t\t<section class=\"elementor-section elementor-inner-section elementor-element elementor-element-fb150d9 elementor-section-boxed elementor-section-height-default elementor-section-height-default\" data-id=\"fb150d9\" data-element_type=\"section\" data-e-type=\"section\">\n\t\t\t\t\t\t<div class=\"elementor-container elementor-column-gap-default\">\n\t\t\t\t\t<div class=\"elementor-column elementor-col-50 elementor-inner-column elementor-element elementor-element-6b24e88\" data-id=\"6b24e88\" data-element_type=\"column\" data-e-type=\"column\">\n\t\t\t<div class=\"elementor-widget-wrap elementor-element-populated\">\n\t\t\t\t\t\t<div class=\"elementor-element elementor-element-72760a4 elementor-widget elementor-widget-heading\" data-id=\"72760a4\" data-element_type=\"widget\" data-e-type=\"widget\" data-widget_type=\"heading.default\">\n\t\t\t\t<div class=\"elementor-widget-container\">\n\t\t\t\t\t<h4 class=\"elementor-heading-title elementor-size-default\">Orari<\/h4>\t\t\t\t<\/div>\n\t\t\t\t<\/div>\n\t\t\t\t<div class=\"elementor-element elementor-element-6b74de5 elementor-widget__width-initial elementor-widget elementor-widget-text-editor\" data-id=\"6b74de5\" data-element_type=\"widget\" data-e-type=\"widget\" data-widget_type=\"text-editor.default\">\n\t\t\t\t<div class=\"elementor-widget-container\">\n\t\t\t\t\t\t\t\t\t<p>gioved\u00ec-venerd\u00ec<br \/>14.00-18.00<br \/>sabato-domenica<br \/>10.00-18.00<\/p><p>luned\u00ec-mercoled\u00ec chiuso (aperto su prenotazione per gruppi)<\/p><p><a style=\"background-color: #ffffff;\" href=\"https:\/\/www.tam.usi.ch\/it\/contatti\">&gt;&gt;&gt; Informazioni su aperture e chiusure speciali<\/a><\/p>\t\t\t\t\t\t\t\t<\/div>\n\t\t\t\t<\/div>\n\t\t\t\t<div class=\"elementor-element elementor-element-5e46990 elementor-widget elementor-widget-heading\" data-id=\"5e46990\" data-element_type=\"widget\" data-e-type=\"widget\" data-widget_type=\"heading.default\">\n\t\t\t\t<div class=\"elementor-widget-container\">\n\t\t\t\t\t<h4 class=\"elementor-heading-title elementor-size-default\">Tariffe<\/h4>\t\t\t\t<\/div>\n\t\t\t\t<\/div>\n\t\t\t\t<div class=\"elementor-element elementor-element-7045d91 elementor-widget elementor-widget-text-editor\" data-id=\"7045d91\" data-element_type=\"widget\" data-e-type=\"widget\" data-widget_type=\"text-editor.default\">\n\t\t\t\t<div class=\"elementor-widget-container\">\n\t\t\t\t\t\t\t\t\t<p><strong>Intero<\/strong> CHF 10.-<br \/><strong>Ridotto<\/strong> CHF 7.- (Studenti con tessera, FAI Italia, FAI Swiss, OTIA, AVS\/AI, gruppi)<br \/><strong>Gratuito <\/strong><span lang=\"IT\">\u2264 18 anni, studenti scuole del Canton Ticino<\/span><\/p><p>Ingresso gratuito con le seguenti tessere\/carte:<br \/>Studenti, collaboratori e docenti USI-SUPSI, Amici dell&#8217;Accademia di architettura, Carta ICOM\/AMS, Guida SI, Ag cultura, Pass MAM.\u00a0<\/p><p>Informazioni e prenotazioni per le visite guidate e attivit\u00e0: <br \/>+41 (0)58 666 58 67 <a href=\"mailto:eventi.tam@usi.ch\">eventi.tam@usi.ch<\/a><\/p>\t\t\t\t\t\t\t\t<\/div>\n\t\t\t\t<\/div>\n\t\t\t\t<div class=\"elementor-element elementor-element-fdde417 elementor-widget elementor-widget-heading\" data-id=\"fdde417\" data-element_type=\"widget\" data-e-type=\"widget\" data-widget_type=\"heading.default\">\n\t\t\t\t<div class=\"elementor-widget-container\">\n\t\t\t\t\t<h4 class=\"elementor-heading-title elementor-size-default\">Come arrivare<\/h4>\t\t\t\t<\/div>\n\t\t\t\t<\/div>\n\t\t\t\t<div class=\"elementor-element elementor-element-67fb12d elementor-widget elementor-widget-text-editor\" data-id=\"67fb12d\" data-element_type=\"widget\" data-e-type=\"widget\" data-widget_type=\"text-editor.default\">\n\t\t\t\t<div class=\"elementor-widget-container\">\n\t\t\t\t\t\t\t\t\t<p><strong>In treno<br \/><\/strong>Stazione FFS di Mendrisio (7 min a piedi)<\/p><p><strong>In bus <br \/><\/strong>Linea 2<br \/>Fermata\u00a0: ospedale (OBV)<\/p><p><b>Parcheggi vicini<\/b><br \/>Autosilo di Palazzo Canav\u00e9e-USI, viale Canav\u00e9e;<br \/>Autosilo OBV, via Alfonso Turconi 23<\/p>\t\t\t\t\t\t\t\t<\/div>\n\t\t\t\t<\/div>\n\t\t\t\t\t<\/div>\n\t\t<\/div>\n\t\t\t\t<div class=\"elementor-column elementor-col-50 elementor-inner-column elementor-element elementor-element-7a62cc1\" data-id=\"7a62cc1\" data-element_type=\"column\" data-e-type=\"column\">\n\t\t\t<div class=\"elementor-widget-wrap elementor-element-populated\">\n\t\t\t\t\t\t<div class=\"elementor-element elementor-element-535b8aa elementor-widget elementor-widget-heading\" data-id=\"535b8aa\" data-element_type=\"widget\" data-e-type=\"widget\" data-widget_type=\"heading.default\">\n\t\t\t\t<div class=\"elementor-widget-container\">\n\t\t\t\t\t<h4 class=\"elementor-heading-title elementor-size-default\">Indirizzo e contatti<\/h4>\t\t\t\t<\/div>\n\t\t\t\t<\/div>\n\t\t\t\t<div class=\"elementor-element elementor-element-77e73f4 elementor-widget elementor-widget-text-editor\" data-id=\"77e73f4\" data-element_type=\"widget\" data-e-type=\"widget\" data-widget_type=\"text-editor.default\">\n\t\t\t\t<div class=\"elementor-widget-container\">\n\t\t\t\t\t\t\t\t\t<p>Via Turconi 25<br \/>6850 Mendrisio<\/p><p>T +41 (0)58 666 58 67<br \/><a href=\"mailto:info.tam@usi.ch\">info.tam@usi.ch<\/a><\/p>\t\t\t\t\t\t\t\t<\/div>\n\t\t\t\t<\/div>\n\t\t\t\t<div class=\"elementor-element elementor-element-5fac4c2 elementor-shape-circle e-grid-align-left elementor-grid-0 elementor-widget elementor-widget-social-icons\" data-id=\"5fac4c2\" data-element_type=\"widget\" data-e-type=\"widget\" data-widget_type=\"social-icons.default\">\n\t\t\t\t<div class=\"elementor-widget-container\">\n\t\t\t\t\t\t\t<div class=\"elementor-social-icons-wrapper elementor-grid\" role=\"list\">\n\t\t\t\t\t\t\t<span class=\"elementor-grid-item\" role=\"listitem\">\n\t\t\t\t\t<a class=\"elementor-icon elementor-social-icon elementor-social-icon-link elementor-repeater-item-fe34ec6\" href=\"https:\/\/www.tam.usi.ch\/it\" target=\"_blank\">\n\t\t\t\t\t\t<span class=\"elementor-screen-only\">Link<\/span>\n\t\t\t\t\t\t<i aria-hidden=\"true\" class=\"fas fa-link\"><\/i>\t\t\t\t\t<\/a>\n\t\t\t\t<\/span>\n\t\t\t\t\t\t\t<span class=\"elementor-grid-item\" role=\"listitem\">\n\t\t\t\t\t<a class=\"elementor-icon elementor-social-icon elementor-social-icon-instagram elementor-repeater-item-885478a\" href=\"https:\/\/www.instagram.com\/usi_teatrodellarchitettura\/\" target=\"_blank\">\n\t\t\t\t\t\t<span class=\"elementor-screen-only\">Instagram<\/span>\n\t\t\t\t\t\t<i aria-hidden=\"true\" class=\"fab fa-instagram\"><\/i>\t\t\t\t\t<\/a>\n\t\t\t\t<\/span>\n\t\t\t\t\t\t\t<span class=\"elementor-grid-item\" role=\"listitem\">\n\t\t\t\t\t<a class=\"elementor-icon elementor-social-icon elementor-social-icon-facebook elementor-repeater-item-53d51b7\" target=\"_blank\">\n\t\t\t\t\t\t<span class=\"elementor-screen-only\">Facebook<\/span>\n\t\t\t\t\t\t<i aria-hidden=\"true\" class=\"fab fa-facebook\"><\/i>\t\t\t\t\t<\/a>\n\t\t\t\t<\/span>\n\t\t\t\t\t\t\t<span class=\"elementor-grid-item\" role=\"listitem\">\n\t\t\t\t\t<a class=\"elementor-icon elementor-social-icon elementor-social-icon-x-twitter elementor-repeater-item-42fe381\" href=\"https:\/\/twitter.com\/USI_Accademia\" target=\"_blank\">\n\t\t\t\t\t\t<span class=\"elementor-screen-only\">X-twitter<\/span>\n\t\t\t\t\t\t<i aria-hidden=\"true\" class=\"fab fa-x-twitter\"><\/i>\t\t\t\t\t<\/a>\n\t\t\t\t<\/span>\n\t\t\t\t\t<\/div>\n\t\t\t\t\t\t<\/div>\n\t\t\t\t<\/div>\n\t\t\t\t\t<\/div>\n\t\t<\/div>\n\t\t\t\t\t<\/div>\n\t\t<\/section>\n\t\t\t\t\t<\/div>\n\t\t<\/div>\n\t\t\t\t\t<\/div>\n\t\t<\/section>\n\t\t\t\t<section class=\"elementor-section elementor-top-section elementor-element elementor-element-50aa18c elementor-section-boxed elementor-section-height-default elementor-section-height-default\" data-id=\"50aa18c\" data-element_type=\"section\" data-e-type=\"section\">\n\t\t\t\t\t\t<div class=\"elementor-container elementor-column-gap-default\">\n\t\t\t\t\t<div class=\"elementor-column elementor-col-100 elementor-top-column elementor-element elementor-element-2e4a120\" data-id=\"2e4a120\" data-element_type=\"column\" data-e-type=\"column\">\n\t\t\t<div class=\"elementor-widget-wrap\">\n\t\t\t\t\t\t\t<\/div>\n\t\t<\/div>\n\t\t\t\t\t<\/div>\n\t\t<\/section>\n\t\t\t\t<\/div>\n\t\t","protected":false},"excerpt":{"rendered":"<p>Teatro dell&#8217;architettura Mendrisio &#8211; USI Il Teatro dell\u2019architettura Mendrisio, sorto all\u2019interno del Campus di Mendrisio dell\u2019Universit\u00e0 della Svizzera italiana, \u00e8 stato progettato dall\u2019arch. Mario Botta, promosso e realizzato grazie al lavoro congiunto dell\u2019Universit\u00e0 e della Fondazione Teatro dell\u2019architettura, al fine di offrire uno spazio di dialogo privilegiato per il dibattito culturale sull\u2019architettura, la citt\u00e0, il &#8230; <a title=\"Teatro dell&#8217;architettura\" class=\"read-more\" href=\"https:\/\/museimtest.p1.zrh01.swissbix.com\/?page_id=208\">Leggi tutto <span class=\"screen-reader-text\">Teatro dell&#8217;architettura<\/span><\/a><\/p>\n","protected":false},"author":1,"featured_media":0,"parent":20,"menu_order":0,"comment_status":"closed","ping_status":"closed","template":"","meta":{"_monsterinsights_skip_tracking":false,"_monsterinsights_sitenote_active":false,"_monsterinsights_sitenote_note":"","_monsterinsights_sitenote_category":0,"footnotes":"","_links_to":"","_links_to_target":""},"class_list":["post-208","page","type-page","status-publish"],"yoast_head":"<!-- This site is optimized with the Yoast SEO plugin v27.4 - https:\/\/yoast.com\/product\/yoast-seo-wordpress\/ -->\n<title>Teatro dell&#039;architettura - Musei d\u2019Arte del Mendrisiotto<\/title>\n<meta name=\"robots\" content=\"index, follow, max-snippet:-1, max-image-preview:large, max-video-preview:-1\" \/>\n<link rel=\"canonical\" href=\"https:\/\/museimtest.p1.zrh01.swissbix.com\/musei\/teatro-dellarchitettura\/\" \/>\n<meta property=\"og:locale\" content=\"it_IT\" \/>\n<meta property=\"og:type\" content=\"article\" \/>\n<meta property=\"og:title\" content=\"Teatro dell&#039;architettura - Musei d\u2019Arte del Mendrisiotto\" \/>\n<meta property=\"og:description\" content=\"Teatro dell&#8217;architettura Mendrisio &#8211; USI Il Teatro dell\u2019architettura Mendrisio, sorto all\u2019interno del Campus di Mendrisio dell\u2019Universit\u00e0 della Svizzera italiana, \u00e8 stato progettato dall\u2019arch. Mario Botta, promosso e realizzato grazie al lavoro congiunto dell\u2019Universit\u00e0 e della Fondazione Teatro dell\u2019architettura, al fine di offrire uno spazio di dialogo privilegiato per il dibattito culturale sull\u2019architettura, la citt\u00e0, il ... Leggi tutto Teatro dell&#8217;architettura\" \/>\n<meta property=\"og:url\" content=\"https:\/\/museimtest.p1.zrh01.swissbix.com\/musei\/teatro-dellarchitettura\/\" \/>\n<meta property=\"og:site_name\" content=\"Musei d\u2019Arte del Mendrisiotto\" \/>\n<meta property=\"article:modified_time\" content=\"2025-12-29T14:33:48+00:00\" \/>\n<meta property=\"og:image\" content=\"https:\/\/museimtest.p1.zrh01.swissbix.com\/wp-content\/uploads\/2020\/06\/Teatro-Architettura-Mendrisio-E-Cano.jpg\" \/>\n\t<meta property=\"og:image:width\" content=\"1200\" \/>\n\t<meta property=\"og:image:height\" content=\"643\" \/>\n\t<meta property=\"og:image:type\" content=\"image\/jpeg\" \/>\n<meta name=\"twitter:card\" content=\"summary_large_image\" \/>\n<meta name=\"twitter:label1\" content=\"Tempo di lettura stimato\" \/>\n\t<meta name=\"twitter:data1\" content=\"2 minuti\" \/>\n<script type=\"application\/ld+json\" class=\"yoast-schema-graph\">{\"@context\":\"https:\\\/\\\/schema.org\",\"@graph\":[{\"@type\":\"WebPage\",\"@id\":\"https:\\\/\\\/museimtest.p1.zrh01.swissbix.com\\\/musei\\\/teatro-dellarchitettura\\\/\",\"url\":\"https:\\\/\\\/museimtest.p1.zrh01.swissbix.com\\\/musei\\\/teatro-dellarchitettura\\\/\",\"name\":\"Teatro dell'architettura - Musei d\u2019Arte del Mendrisiotto\",\"isPartOf\":{\"@id\":\"https:\\\/\\\/museimtest.p1.zrh01.swissbix.com\\\/#website\"},\"primaryImageOfPage\":{\"@id\":\"https:\\\/\\\/museimtest.p1.zrh01.swissbix.com\\\/musei\\\/teatro-dellarchitettura\\\/#primaryimage\"},\"image\":{\"@id\":\"https:\\\/\\\/museimtest.p1.zrh01.swissbix.com\\\/musei\\\/teatro-dellarchitettura\\\/#primaryimage\"},\"thumbnailUrl\":\"https:\\\/\\\/museimtest.p1.zrh01.swissbix.com\\\/wp-content\\\/uploads\\\/2020\\\/06\\\/Teatro-Architettura-Mendrisio-E-Cano-1024x549.jpg\",\"datePublished\":\"2020-02-28T09:03:46+00:00\",\"dateModified\":\"2025-12-29T14:33:48+00:00\",\"breadcrumb\":{\"@id\":\"https:\\\/\\\/museimtest.p1.zrh01.swissbix.com\\\/musei\\\/teatro-dellarchitettura\\\/#breadcrumb\"},\"inLanguage\":\"it-IT\",\"potentialAction\":[{\"@type\":\"ReadAction\",\"target\":[\"https:\\\/\\\/museimtest.p1.zrh01.swissbix.com\\\/musei\\\/teatro-dellarchitettura\\\/\"]}]},{\"@type\":\"ImageObject\",\"inLanguage\":\"it-IT\",\"@id\":\"https:\\\/\\\/museimtest.p1.zrh01.swissbix.com\\\/musei\\\/teatro-dellarchitettura\\\/#primaryimage\",\"url\":\"https:\\\/\\\/museimtest.p1.zrh01.swissbix.com\\\/wp-content\\\/uploads\\\/2020\\\/06\\\/Teatro-Architettura-Mendrisio-E-Cano.jpg\",\"contentUrl\":\"https:\\\/\\\/museimtest.p1.zrh01.swissbix.com\\\/wp-content\\\/uploads\\\/2020\\\/06\\\/Teatro-Architettura-Mendrisio-E-Cano.jpg\",\"width\":1200,\"height\":643},{\"@type\":\"BreadcrumbList\",\"@id\":\"https:\\\/\\\/museimtest.p1.zrh01.swissbix.com\\\/musei\\\/teatro-dellarchitettura\\\/#breadcrumb\",\"itemListElement\":[{\"@type\":\"ListItem\",\"position\":1,\"name\":\"Home\",\"item\":\"https:\\\/\\\/museimtest.p1.zrh01.swissbix.com\\\/\"},{\"@type\":\"ListItem\",\"position\":2,\"name\":\"Musei\",\"item\":\"https:\\\/\\\/museimtest.p1.zrh01.swissbix.com\\\/musei\\\/\"},{\"@type\":\"ListItem\",\"position\":3,\"name\":\"Teatro dell&#8217;architettura\"}]},{\"@type\":\"WebSite\",\"@id\":\"https:\\\/\\\/museimtest.p1.zrh01.swissbix.com\\\/#website\",\"url\":\"https:\\\/\\\/museimtest.p1.zrh01.swissbix.com\\\/\",\"name\":\"Musei d\u2019Arte del Mendrisiotto\",\"description\":\"La rete dei Musei d\u2019Arte del Mendrisiotto (MAM) si propone di rafforzare la visibilit\u00e0, promuovere la conoscenza dei musei del Mendrisiotto\",\"publisher\":{\"@id\":\"https:\\\/\\\/museimtest.p1.zrh01.swissbix.com\\\/#organization\"},\"potentialAction\":[{\"@type\":\"SearchAction\",\"target\":{\"@type\":\"EntryPoint\",\"urlTemplate\":\"https:\\\/\\\/museimtest.p1.zrh01.swissbix.com\\\/?s={search_term_string}\"},\"query-input\":{\"@type\":\"PropertyValueSpecification\",\"valueRequired\":true,\"valueName\":\"search_term_string\"}}],\"inLanguage\":\"it-IT\"},{\"@type\":\"Organization\",\"@id\":\"https:\\\/\\\/museimtest.p1.zrh01.swissbix.com\\\/#organization\",\"name\":\"Musei d\u2019Arte del Mendrisiotto\",\"url\":\"https:\\\/\\\/museimtest.p1.zrh01.swissbix.com\\\/\",\"logo\":{\"@type\":\"ImageObject\",\"inLanguage\":\"it-IT\",\"@id\":\"https:\\\/\\\/museimtest.p1.zrh01.swissbix.com\\\/#\\\/schema\\\/logo\\\/image\\\/\",\"url\":\"https:\\\/\\\/museimtest.p1.zrh01.swissbix.com\\\/wp-content\\\/uploads\\\/2020\\\/06\\\/logo_mam.png\",\"contentUrl\":\"https:\\\/\\\/museimtest.p1.zrh01.swissbix.com\\\/wp-content\\\/uploads\\\/2020\\\/06\\\/logo_mam.png\",\"width\":350,\"height\":250,\"caption\":\"Musei d\u2019Arte del Mendrisiotto\"},\"image\":{\"@id\":\"https:\\\/\\\/museimtest.p1.zrh01.swissbix.com\\\/#\\\/schema\\\/logo\\\/image\\\/\"}}]}<\/script>\n<!-- \/ Yoast SEO plugin. -->","yoast_head_json":{"title":"Teatro dell'architettura - Musei d\u2019Arte del Mendrisiotto","robots":{"index":"index","follow":"follow","max-snippet":"max-snippet:-1","max-image-preview":"max-image-preview:large","max-video-preview":"max-video-preview:-1"},"canonical":"https:\/\/museimtest.p1.zrh01.swissbix.com\/musei\/teatro-dellarchitettura\/","og_locale":"it_IT","og_type":"article","og_title":"Teatro dell'architettura - Musei d\u2019Arte del Mendrisiotto","og_description":"Teatro dell&#8217;architettura Mendrisio &#8211; USI Il Teatro dell\u2019architettura Mendrisio, sorto all\u2019interno del Campus di Mendrisio dell\u2019Universit\u00e0 della Svizzera italiana, \u00e8 stato progettato dall\u2019arch. Mario Botta, promosso e realizzato grazie al lavoro congiunto dell\u2019Universit\u00e0 e della Fondazione Teatro dell\u2019architettura, al fine di offrire uno spazio di dialogo privilegiato per il dibattito culturale sull\u2019architettura, la citt\u00e0, il ... Leggi tutto Teatro dell&#8217;architettura","og_url":"https:\/\/museimtest.p1.zrh01.swissbix.com\/musei\/teatro-dellarchitettura\/","og_site_name":"Musei d\u2019Arte del Mendrisiotto","article_modified_time":"2025-12-29T14:33:48+00:00","og_image":[{"width":1200,"height":643,"url":"https:\/\/museimtest.p1.zrh01.swissbix.com\/wp-content\/uploads\/2020\/06\/Teatro-Architettura-Mendrisio-E-Cano.jpg","type":"image\/jpeg"}],"twitter_card":"summary_large_image","twitter_misc":{"Tempo di lettura stimato":"2 minuti"},"schema":{"@context":"https:\/\/schema.org","@graph":[{"@type":"WebPage","@id":"https:\/\/museimtest.p1.zrh01.swissbix.com\/musei\/teatro-dellarchitettura\/","url":"https:\/\/museimtest.p1.zrh01.swissbix.com\/musei\/teatro-dellarchitettura\/","name":"Teatro dell'architettura - Musei d\u2019Arte del Mendrisiotto","isPartOf":{"@id":"https:\/\/museimtest.p1.zrh01.swissbix.com\/#website"},"primaryImageOfPage":{"@id":"https:\/\/museimtest.p1.zrh01.swissbix.com\/musei\/teatro-dellarchitettura\/#primaryimage"},"image":{"@id":"https:\/\/museimtest.p1.zrh01.swissbix.com\/musei\/teatro-dellarchitettura\/#primaryimage"},"thumbnailUrl":"https:\/\/museimtest.p1.zrh01.swissbix.com\/wp-content\/uploads\/2020\/06\/Teatro-Architettura-Mendrisio-E-Cano-1024x549.jpg","datePublished":"2020-02-28T09:03:46+00:00","dateModified":"2025-12-29T14:33:48+00:00","breadcrumb":{"@id":"https:\/\/museimtest.p1.zrh01.swissbix.com\/musei\/teatro-dellarchitettura\/#breadcrumb"},"inLanguage":"it-IT","potentialAction":[{"@type":"ReadAction","target":["https:\/\/museimtest.p1.zrh01.swissbix.com\/musei\/teatro-dellarchitettura\/"]}]},{"@type":"ImageObject","inLanguage":"it-IT","@id":"https:\/\/museimtest.p1.zrh01.swissbix.com\/musei\/teatro-dellarchitettura\/#primaryimage","url":"https:\/\/museimtest.p1.zrh01.swissbix.com\/wp-content\/uploads\/2020\/06\/Teatro-Architettura-Mendrisio-E-Cano.jpg","contentUrl":"https:\/\/museimtest.p1.zrh01.swissbix.com\/wp-content\/uploads\/2020\/06\/Teatro-Architettura-Mendrisio-E-Cano.jpg","width":1200,"height":643},{"@type":"BreadcrumbList","@id":"https:\/\/museimtest.p1.zrh01.swissbix.com\/musei\/teatro-dellarchitettura\/#breadcrumb","itemListElement":[{"@type":"ListItem","position":1,"name":"Home","item":"https:\/\/museimtest.p1.zrh01.swissbix.com\/"},{"@type":"ListItem","position":2,"name":"Musei","item":"https:\/\/museimtest.p1.zrh01.swissbix.com\/musei\/"},{"@type":"ListItem","position":3,"name":"Teatro dell&#8217;architettura"}]},{"@type":"WebSite","@id":"https:\/\/museimtest.p1.zrh01.swissbix.com\/#website","url":"https:\/\/museimtest.p1.zrh01.swissbix.com\/","name":"Musei d\u2019Arte del Mendrisiotto","description":"La rete dei Musei d\u2019Arte del Mendrisiotto (MAM) si propone di rafforzare la visibilit\u00e0, promuovere la conoscenza dei musei del Mendrisiotto","publisher":{"@id":"https:\/\/museimtest.p1.zrh01.swissbix.com\/#organization"},"potentialAction":[{"@type":"SearchAction","target":{"@type":"EntryPoint","urlTemplate":"https:\/\/museimtest.p1.zrh01.swissbix.com\/?s={search_term_string}"},"query-input":{"@type":"PropertyValueSpecification","valueRequired":true,"valueName":"search_term_string"}}],"inLanguage":"it-IT"},{"@type":"Organization","@id":"https:\/\/museimtest.p1.zrh01.swissbix.com\/#organization","name":"Musei d\u2019Arte del Mendrisiotto","url":"https:\/\/museimtest.p1.zrh01.swissbix.com\/","logo":{"@type":"ImageObject","inLanguage":"it-IT","@id":"https:\/\/museimtest.p1.zrh01.swissbix.com\/#\/schema\/logo\/image\/","url":"https:\/\/museimtest.p1.zrh01.swissbix.com\/wp-content\/uploads\/2020\/06\/logo_mam.png","contentUrl":"https:\/\/museimtest.p1.zrh01.swissbix.com\/wp-content\/uploads\/2020\/06\/logo_mam.png","width":350,"height":250,"caption":"Musei d\u2019Arte del Mendrisiotto"},"image":{"@id":"https:\/\/museimtest.p1.zrh01.swissbix.com\/#\/schema\/logo\/image\/"}}]}},"_links":{"self":[{"href":"https:\/\/museimtest.p1.zrh01.swissbix.com\/index.php?rest_route=\/wp\/v2\/pages\/208","targetHints":{"allow":["GET"]}}],"collection":[{"href":"https:\/\/museimtest.p1.zrh01.swissbix.com\/index.php?rest_route=\/wp\/v2\/pages"}],"about":[{"href":"https:\/\/museimtest.p1.zrh01.swissbix.com\/index.php?rest_route=\/wp\/v2\/types\/page"}],"author":[{"embeddable":true,"href":"https:\/\/museimtest.p1.zrh01.swissbix.com\/index.php?rest_route=\/wp\/v2\/users\/1"}],"replies":[{"embeddable":true,"href":"https:\/\/museimtest.p1.zrh01.swissbix.com\/index.php?rest_route=%2Fwp%2Fv2%2Fcomments&post=208"}],"version-history":[{"count":97,"href":"https:\/\/museimtest.p1.zrh01.swissbix.com\/index.php?rest_route=\/wp\/v2\/pages\/208\/revisions"}],"predecessor-version":[{"id":9714,"href":"https:\/\/museimtest.p1.zrh01.swissbix.com\/index.php?rest_route=\/wp\/v2\/pages\/208\/revisions\/9714"}],"up":[{"embeddable":true,"href":"https:\/\/museimtest.p1.zrh01.swissbix.com\/index.php?rest_route=\/wp\/v2\/pages\/20"}],"wp:attachment":[{"href":"https:\/\/museimtest.p1.zrh01.swissbix.com\/index.php?rest_route=%2Fwp%2Fv2%2Fmedia&parent=208"}],"curies":[{"name":"wp","href":"https:\/\/api.w.org\/{rel}","templated":true}]}}